{"id":2120,"date":"2019-04-22T02:47:12","date_gmt":"2019-04-22T02:47:12","guid":{"rendered":"http:\/\/192.168.1.30\/zoo-dopi\/create-studio\/?page_id=2120"},"modified":"2021-10-11T11:56:28","modified_gmt":"2021-10-11T11:56:28","slug":"hakkimizda","status":"publish","type":"page","link":"http:\/\/www.emengold.com\/index.php\/hakkimizda\/","title":{"rendered":"Hakk\u0131m\u0131zda"},"content":{"rendered":"\t\t<div data-elementor-type=\"wp-post\" data-elementor-id=\"2120\" class=\"elementor elementor-2120\" data-elementor-settings=\"[]\">\n\t\t\t\t\t\t\t<div class=\"elementor-section-wrap\">\n\t\t\t\t\t\t\t<section class=\"elementor-section elementor-top-section elementor-element elementor-element-ba20366 elementor-section-stretched elementor-section-full_width elementor-section-height-default elementor-section-height-default\" data-id=\"ba20366\" data-element_type=\"section\" data-settings=\"{&quot;stretch_section&quot;:&quot;section-stretched&quot;,&quot;background_background&quot;:&quot;classic&quot;}\">\n\t\t\t\t\t\t\t<div class=\"elementor-background-overlay\"><\/div>\n\t\t\t\t\t\t\t<div class=\"elementor-container elementor-column-gap-no\">\n\t\t\t\t\t<div class=\"elementor-column elementor-col-100 elementor-top-column elementor-element elementor-element-f438fbb\" data-id=\"f438fbb\" data-element_type=\"column\">\n\t\t\t<div class=\"elementor-widget-wrap elementor-element-populated\">\n\t\t\t\t\t\t\t\t<div class=\"elementor-element elementor-element-c751c3d elementor-widget elementor-widget-heading\" data-id=\"c751c3d\" data-element_type=\"widget\" data-widget_type=\"heading.default\">\n\t\t\t\t<div class=\"elementor-widget-container\">\n\t\t\t<h2 class=\"elementor-heading-title elementor-size-default\">Hakk\u0131m\u0131zda<\/h2>\t\t<\/div>\n\t\t\t\t<\/div>\n\t\t\t\t\t<\/div>\n\t\t<\/div>\n\t\t\t\t\t\t\t<\/div>\n\t\t<\/section>\n\t\t\t\t<section class=\"elementor-section elementor-top-section elementor-element elementor-element-ef833f5 elementor-section-stretched elementor-section-boxed elementor-section-height-default elementor-section-height-default\" data-id=\"ef833f5\" data-element_type=\"section\" data-settings=\"{&quot;stretch_section&quot;:&quot;section-stretched&quot;}\">\n\t\t\t\t\t\t<div class=\"elementor-container elementor-column-gap-default\">\n\t\t\t\t\t<div class=\"elementor-column elementor-col-20 elementor-top-column elementor-element elementor-element-24cf31a\" data-id=\"24cf31a\" data-element_type=\"column\">\n\t\t\t<div class=\"elementor-widget-wrap elementor-element-populated\">\n\t\t\t\t\t\t\t\t<div class=\"elementor-element elementor-element-1d3739d elementor-widget elementor-widget-heading\" data-id=\"1d3739d\" data-element_type=\"widget\" data-widget_type=\"heading.default\">\n\t\t\t\t<div class=\"elementor-widget-container\">\n\t\t\t<h3 class=\"elementor-heading-title elementor-size-default\">Emengold Hizmetleri<\/h3>\t\t<\/div>\n\t\t\t\t<\/div>\n\t\t\t\t<div class=\"elementor-element elementor-element-ac29d2a elementor-widget elementor-widget-text-editor\" data-id=\"ac29d2a\" data-element_type=\"widget\" data-widget_type=\"text-editor.default\">\n\t\t\t\t<div class=\"elementor-widget-container\">\n\t\t\t\t\t\t\t<p>G\u00fc\u00e7l\u00fc \u00f6z sermayemiz ve nitelikli i\u015f g\u00fcc\u00fcm\u00fczle d\u00f6viz piyasalar\u0131nda ihtiya\u00e7 duydu\u011funuz &#8220;iyi fiyat-tam hizmet&#8221;i vermekte kararl\u0131y\u0131z.Sizde bankalar\u0131n tek boyutlu i\u015flem anlay\u0131\u015f\u0131ndan daha fazlas\u0131n\u0131 istiyorsan\u0131z ger\u00e7ek m\u00fc\u015fteri odakl\u0131 yakla\u015f\u0131m\u0131m\u0131z da her zaman size \u00f6zel \u00e7\u00f6z\u00fcmler bulacaks\u0131n\u0131z. G\u00fcvenlikli kurye i\u015flemleri ve daha fazlas\u0131 i\u00e7in sizlerle birlikteyiz.<\/p>\t\t\t\t\t\t<\/div>\n\t\t\t\t<\/div>\n\t\t\t\t\t<\/div>\n\t\t<\/div>\n\t\t\t\t<div class=\"elementor-column elementor-col-20 elementor-top-column elementor-element elementor-element-18e983c\" data-id=\"18e983c\" data-element_type=\"column\">\n\t\t\t<div class=\"elementor-widget-wrap elementor-element-populated\">\n\t\t\t\t\t\t\t\t<div class=\"elementor-element elementor-element-4cdc856 elementor-widget elementor-widget-spacer\" data-id=\"4cdc856\" data-element_type=\"widget\" data-widget_type=\"spacer.default\">\n\t\t\t\t<div class=\"elementor-widget-container\">\n\t\t\t\t\t<div class=\"elementor-spacer\">\n\t\t\t<div class=\"elementor-spacer-inner\"><\/div>\n\t\t<\/div>\n\t\t\t\t<\/div>\n\t\t\t\t<\/div>\n\t\t\t\t\t<\/div>\n\t\t<\/div>\n\t\t\t\t<div class=\"elementor-column elementor-col-20 elementor-top-column elementor-element elementor-element-e467020\" data-id=\"e467020\" data-element_type=\"column\">\n\t\t\t<div class=\"elementor-widget-wrap elementor-element-populated\">\n\t\t\t\t\t\t\t\t<div class=\"elementor-element elementor-element-831e11e elementor-widget elementor-widget-heading\" data-id=\"831e11e\" data-element_type=\"widget\" data-widget_type=\"heading.default\">\n\t\t\t\t<div class=\"elementor-widget-container\">\n\t\t\t<h3 class=\"elementor-heading-title elementor-size-default\">Vizyonumuz<\/h3>\t\t<\/div>\n\t\t\t\t<\/div>\n\t\t\t\t<div class=\"elementor-element elementor-element-4507e41 elementor-widget elementor-widget-text-editor\" data-id=\"4507e41\" data-element_type=\"widget\" data-widget_type=\"text-editor.default\">\n\t\t\t\t<div class=\"elementor-widget-container\">\n\t\t\t\t\t\t\t<p>Vizyonumuza\u00a0 ve misyonumuza ula\u015fmak amac\u0131yla; faaliyette bulundu\u011fumuz sekt\u00f6rlerde lider, yenilik\u00e7i ve g\u00fcvenilir konumumuzu s\u00fcrd\u00fcrerek, m\u00fc\u015fterilerimizin ve \u00e7al\u0131\u015fanlar\u0131m\u0131z\u0131n memnuniyetini sa\u011flamak, ulusal ekonominin geli\u015fmesine katk\u0131da bulunmak, s\u00fcrekli b\u00fcy\u00fcyerek payla\u015f\u0131lacak yeni de\u011ferler yaratmakt\u0131r.<\/p>\t\t\t\t\t\t<\/div>\n\t\t\t\t<\/div>\n\t\t\t\t\t<\/div>\n\t\t<\/div>\n\t\t\t\t<div class=\"elementor-column elementor-col-20 elementor-top-column elementor-element elementor-element-08732d9\" data-id=\"08732d9\" data-element_type=\"column\">\n\t\t\t<div class=\"elementor-widget-wrap elementor-element-populated\">\n\t\t\t\t\t\t\t\t<div class=\"elementor-element elementor-element-9cabfbb elementor-widget elementor-widget-spacer\" data-id=\"9cabfbb\" data-element_type=\"widget\" data-widget_type=\"spacer.default\">\n\t\t\t\t<div class=\"elementor-widget-container\">\n\t\t\t\t\t<div class=\"elementor-spacer\">\n\t\t\t<div class=\"elementor-spacer-inner\"><\/div>\n\t\t<\/div>\n\t\t\t\t<\/div>\n\t\t\t\t<\/div>\n\t\t\t\t\t<\/div>\n\t\t<\/div>\n\t\t\t\t<div class=\"elementor-column elementor-col-20 elementor-top-column elementor-element elementor-element-4acc8ab\" data-id=\"4acc8ab\" data-element_type=\"column\">\n\t\t\t<div class=\"elementor-widget-wrap elementor-element-populated\">\n\t\t\t\t\t\t\t\t<div class=\"elementor-element elementor-element-a8e75c9 elementor-widget elementor-widget-heading\" data-id=\"a8e75c9\" data-element_type=\"widget\" data-widget_type=\"heading.default\">\n\t\t\t\t<div class=\"elementor-widget-container\">\n\t\t\t<h3 class=\"elementor-heading-title elementor-size-default\">misyonumuz<\/h3>\t\t<\/div>\n\t\t\t\t<\/div>\n\t\t\t\t<div class=\"elementor-element elementor-element-7403315 elementor-widget elementor-widget-text-editor\" data-id=\"7403315\" data-element_type=\"widget\" data-widget_type=\"text-editor.default\">\n\t\t\t\t<div class=\"elementor-widget-container\">\n\t\t\t\t\t\t\t<p>M\u00fc\u015fterilerimize, \u00fcr\u00fcn ve hizmetin en iyisini en do\u011fru yerden ald\u0131klar\u0131n\u0131 hissettirmektir.<\/p>\t\t\t\t\t\t<\/div>\n\t\t\t\t<\/div>\n\t\t\t\t<div class=\"elementor-element elementor-element-64bd362 elementor-widget elementor-widget-image\" data-id=\"64bd362\" data-element_type=\"widget\" data-widget_type=\"image.default\">\n\t\t\t\t<div class=\"elementor-widget-container\">\n\t\t\t\t\t\t\t\t\t\t\t\t\t\t\t<img width=\"992\" height=\"396\" src=\"http:\/\/www.emengold.com\/wp-content\/uploads\/2021\/09\/png-clipart-earth-earth-1-30x12.png\" class=\"attachment-large size-large lazy-img\" alt=\"Emen K\u0131ymetli Madenler\" loading=\"lazy\" srcset=\"http:\/\/www.emengold.com\/wp-content\/uploads\/2021\/09\/png-clipart-earth-earth-1-30x12.png 100w\" sizes=\"(max-width: 992px) 100vw, 992px\" data-src=\"http:\/\/www.emengold.com\/wp-content\/uploads\/2021\/09\/png-clipart-earth-earth-1-1024x409.png\" data-srcset=\"http:\/\/www.emengold.com\/wp-content\/uploads\/2021\/09\/png-clipart-earth-earth-1-1024x409.png 1024w, http:\/\/www.emengold.com\/wp-content\/uploads\/2021\/09\/png-clipart-earth-earth-1-300x120.png 300w, http:\/\/www.emengold.com\/wp-content\/uploads\/2021\/09\/png-clipart-earth-earth-1-768x307.png 768w, http:\/\/www.emengold.com\/wp-content\/uploads\/2021\/09\/png-clipart-earth-earth-1-1536x614.png 1536w, http:\/\/www.emengold.com\/wp-content\/uploads\/2021\/09\/png-clipart-earth-earth-1-2048x818.png 2048w, http:\/\/www.emengold.com\/wp-content\/uploads\/2021\/09\/png-clipart-earth-earth-1-120x48.png 120w, http:\/\/www.emengold.com\/wp-content\/uploads\/2021\/09\/png-clipart-earth-earth-1-600x240.png 600w, http:\/\/www.emengold.com\/wp-content\/uploads\/2021\/09\/png-clipart-earth-earth-1-30x12.png 30w\" \/>\t\t\t\t\t\t\t\t\t\t\t\t\t\t\t<\/div>\n\t\t\t\t<\/div>\n\t\t\t\t\t<\/div>\n\t\t<\/div>\n\t\t\t\t\t\t\t<\/div>\n\t\t<\/section>\n\t\t\t\t<section class=\"elementor-section elementor-top-section elementor-element elementor-element-51dd2b7 elementor-section-boxed elementor-section-height-default elementor-section-height-default\" data-id=\"51dd2b7\" data-element_type=\"section\">\n\t\t\t\t\t\t<div class=\"elementor-container elementor-column-gap-default\">\n\t\t\t\t\t<div class=\"elementor-column elementor-col-100 elementor-top-column elementor-element elementor-element-6a3158a\" data-id=\"6a3158a\" data-element_type=\"column\">\n\t\t\t<div class=\"elementor-widget-wrap elementor-element-populated\">\n\t\t\t\t\t\t\t\t<div class=\"elementor-element elementor-element-d5c321d elementor-widget elementor-widget-spacer\" data-id=\"d5c321d\" data-element_type=\"widget\" data-widget_type=\"spacer.default\">\n\t\t\t\t<div class=\"elementor-widget-container\">\n\t\t\t\t\t<div class=\"elementor-spacer\">\n\t\t\t<div class=\"elementor-spacer-inner\"><\/div>\n\t\t<\/div>\n\t\t\t\t<\/div>\n\t\t\t\t<\/div>\n\t\t\t\t\t<\/div>\n\t\t<\/div>\n\t\t\t\t\t\t\t<\/div>\n\t\t<\/section>\n\t\t\t\t\t\t<\/div>\n\t\t\t\t\t<\/div>\n\t\t","protected":false},"excerpt":{"rendered":"<p>Hakk\u0131m\u0131zda Emengold Hizmetleri G\u00fc\u00e7l\u00fc \u00f6z sermayemiz ve nitelikli i\u015f g\u00fcc\u00fcm\u00fczle d\u00f6viz piyasalar\u0131nda ihtiya\u00e7 duydu\u011funuz &#8220;iyi fiyat-tam hizmet&#8221;i vermekte kararl\u0131y\u0131z.Sizde bankalar\u0131n tek boyutlu i\u015flem anlay\u0131\u015f\u0131ndan daha fazlas\u0131n\u0131 istiyorsan\u0131z ger\u00e7ek m\u00fc\u015fteri odakl\u0131 yakla\u015f\u0131m\u0131m\u0131z da her zaman size \u00f6zel \u00e7\u00f6z\u00fcmler bulacaks\u0131n\u0131z. G\u00fcvenlikli kurye i\u015flemleri ve daha fazlas\u0131 i\u00e7in sizlerle birlikteyiz. Vizyonumuz Vizyonumuza\u00a0 ve misyonumuza ula\u015fmak amac\u0131yla; faaliyette bulundu\u011fumuz sekt\u00f6rlerde lider, yenilik\u00e7i ve g\u00fcvenilir konumumuzu s\u00fcrd\u00fcrerek, m\u00fc\u015fterilerimizin ve \u00e7al\u0131\u015fanlar\u0131m\u0131z\u0131n memnuniyetini sa\u011flamak, ulusal ekonominin geli\u015fmesine katk\u0131da bulunmak, s\u00fcrekli b\u00fcy\u00fcyerek payla\u015f\u0131lacak yeni de\u011ferler yaratmakt\u0131r. misyonumuz M\u00fc\u015fterilerimize,&#8230;<\/p>\n","protected":false},"author":1,"featured_media":0,"parent":0,"menu_order":0,"comment_status":"closed","ping_status":"closed","template":"","meta":[],"_links":{"self":[{"href":"http:\/\/www.emengold.com\/index.php\/wp-json\/wp\/v2\/pages\/2120"}],"collection":[{"href":"http:\/\/www.emengold.com\/index.php\/wp-json\/wp\/v2\/pages"}],"about":[{"href":"http:\/\/www.emengold.com\/index.php\/wp-json\/wp\/v2\/types\/page"}],"author":[{"embeddable":true,"href":"http:\/\/www.emengold.com\/index.php\/wp-json\/wp\/v2\/users\/1"}],"replies":[{"embeddable":true,"href":"http:\/\/www.emengold.com\/index.php\/wp-json\/wp\/v2\/comments?post=2120"}],"version-history":[{"count":22,"href":"http:\/\/www.emengold.com\/index.php\/wp-json\/wp\/v2\/pages\/2120\/revisions"}],"predecessor-version":[{"id":3127,"href":"http:\/\/www.emengold.com\/index.php\/wp-json\/wp\/v2\/pages\/2120\/revisions\/3127"}],"wp:attachment":[{"href":"http:\/\/www.emengold.com\/index.php\/wp-json\/wp\/v2\/media?parent=2120"}],"curies":[{"name":"wp","href":"https:\/\/api.w.org\/{rel}","templated":true}]}}